{"id":486,"date":"2022-03-06T19:36:34","date_gmt":"2022-03-07T00:36:34","guid":{"rendered":"https:\/\/www.lrmm.com\/?page_id=486"},"modified":"2023-01-31T10:21:52","modified_gmt":"2023-01-31T15:21:52","slug":"benevolat","status":"publish","type":"page","link":"https:\/\/www.lrmm.com\/fr\/cabinet\/lrmm-au-fe-minin\/benevolat\/","title":{"rendered":"B\u00e9n\u00e9volat"},"content":{"rendered":"\n<h3 class=\"wp-block-heading\"><strong>Nous croyons \u00e0 l\u2019importance de servir la collectivit\u00e9 et de donner aux suivants<\/strong><\/h3>\n\n\n\n<p><br>L\u2019\u00e9quipe<strong>&nbsp;LRMM au f\u00e9minin<\/strong>&nbsp;souhaite contribuer \u00e0 l\u2019avancement des femmes et aider les organismes vou\u00e9s \u00e0 celles-ci. \u00c0 cette fin, des activit\u00e9s de b\u00e9n\u00e9volat auxquelles participeront la gente f\u00e9minine du cabinet seront organis\u00e9es.<\/p>\n\n\n\n<p>Pourquoi avoir d\u00e9cid\u00e9 de participer \u00e0 ce type d\u2019activit\u00e9s?<\/p>\n\n\n\n<ul class=\"wp-block-list\">\n<li>Pour la cause et l\u2019engagement social<\/li>\n\n\n\n<li>Pour prendre part \u00e0 l\u2019am\u00e9lioration des conditions des femmes<\/li>\n\n\n\n<li>Pour faire une diff\u00e9rence<\/li>\n\n\n\n<li>Pour la r\u00e9alisation d\u2019un projet commun<\/li>\n\n\n\n<li>Pour mettre nos comp\u00e9tences ou notre savoir-faire au profit de personnes dans le besoin<\/li>\n\n\n\n<li>Pour vivre une exp\u00e9rience unique<\/li>\n<\/ul>\n\n\n\n<h3 class=\"wp-block-heading\"><strong>Activit\u00e9s<\/strong><\/h3>\n\n\n\n<p><\/p>\n\n\n\n<ul class=\"wp-block-list\">\n<li>Journ\u00e9e fleurie chez les a\u00een\u00e9s<\/li>\n\n\n\n<li>Activit\u00e9 coup de c\u0153ur pour la Saint-Valentin<\/li>\n\n\n\n<li>Activit\u00e9 coup de c\u0153ur pour la f\u00eate des M\u00e8res<\/li>\n<\/ul>\n\n\n\n<h3 class=\"wp-block-heading\">&nbsp;<\/h3>\n","protected":false},"excerpt":{"rendered":"<p>Nous croyons \u00e0 l\u2019importance de servir la collectivit\u00e9 et de donner aux suivants L\u2019\u00e9quipe&nbsp;LRMM au f\u00e9minin&nbsp;souhaite contribuer \u00e0 l\u2019avancement des femmes et aider les organismes vou\u00e9s \u00e0 celles-ci. \u00c0 cette fin, des activit\u00e9s de b\u00e9n\u00e9volat auxquelles participeront la gente f\u00e9minine du cabinet seront organis\u00e9es. Pourquoi avoir d\u00e9cid\u00e9 de participer \u00e0 ce type d\u2019activit\u00e9s? Activit\u00e9s &nbsp;<\/p>\n","protected":false},"author":1,"featured_media":0,"parent":480,"menu_order":0,"comment_status":"closed","ping_status":"closed","template":"","meta":{"_acf_changed":false,"footnotes":""},"class_list":["post-486","page","type-page","status-publish","hentry"],"acf":[],"yoast_head":"<!-- This site is optimized with the Yoast SEO plugin v26.9 - https:\/\/yoast.com\/product\/yoast-seo-wordpress\/ -->\n<title>B\u00e9n\u00e9volat - Lapointe Rosenstein Marchand Melan\u00e7on<\/title>\n<meta name=\"robots\" content=\"index, follow, max-snippet:-1, max-image-preview:large, max-video-preview:-1\" \/>\n<link rel=\"canonical\" href=\"https:\/\/www.lrmm.com\/fr\/cabinet\/lrmm-au-fe-minin\/benevolat\/\" \/>\n<meta property=\"og:locale\" content=\"fr_CA\" \/>\n<meta property=\"og:type\" content=\"article\" \/>\n<meta property=\"og:title\" content=\"B\u00e9n\u00e9volat - Lapointe Rosenstein Marchand Melan\u00e7on\" \/>\n<meta property=\"og:description\" content=\"Nous croyons \u00e0 l\u2019importance de servir la collectivit\u00e9 et de donner aux suivants L\u2019\u00e9quipe&nbsp;LRMM au f\u00e9minin&nbsp;souhaite contribuer \u00e0 l\u2019avancement des femmes et aider les organismes vou\u00e9s \u00e0 celles-ci. \u00c0 cette fin, des activit\u00e9s de b\u00e9n\u00e9volat auxquelles participeront la gente f\u00e9minine du cabinet seront organis\u00e9es. Pourquoi avoir d\u00e9cid\u00e9 de participer \u00e0 ce type d\u2019activit\u00e9s? Activit\u00e9s &nbsp;\" \/>\n<meta property=\"og:url\" content=\"https:\/\/www.lrmm.com\/fr\/cabinet\/lrmm-au-fe-minin\/benevolat\/\" \/>\n<meta property=\"og:site_name\" content=\"Lapointe Rosenstein Marchand Melan\u00e7on\" \/>\n<meta property=\"article:modified_time\" content=\"2023-01-31T15:21:52+00:00\" \/>\n<meta name=\"twitter:card\" content=\"summary_large_image\" \/>\n<meta name=\"twitter:label1\" content=\"Estimation du temps de lecture\" \/>\n\t<meta name=\"twitter:data1\" content=\"1 minute\" \/>\n<script type=\"application\/ld+json\" class=\"yoast-schema-graph\">{\"@context\":\"https:\/\/schema.org\",\"@graph\":[{\"@type\":\"WebPage\",\"@id\":\"https:\/\/www.lrmm.com\/fr\/cabinet\/lrmm-au-fe-minin\/benevolat\/\",\"url\":\"https:\/\/www.lrmm.com\/fr\/cabinet\/lrmm-au-fe-minin\/benevolat\/\",\"name\":\"B\u00e9n\u00e9volat - Lapointe Rosenstein Marchand Melan\u00e7on\",\"isPartOf\":{\"@id\":\"https:\/\/www.lrmm.com\/fr\/#website\"},\"datePublished\":\"2022-03-07T00:36:34+00:00\",\"dateModified\":\"2023-01-31T15:21:52+00:00\",\"breadcrumb\":{\"@id\":\"https:\/\/www.lrmm.com\/fr\/cabinet\/lrmm-au-fe-minin\/benevolat\/#breadcrumb\"},\"inLanguage\":\"fr-CA\",\"potentialAction\":[{\"@type\":\"ReadAction\",\"target\":[\"https:\/\/www.lrmm.com\/fr\/cabinet\/lrmm-au-fe-minin\/benevolat\/\"]}]},{\"@type\":\"BreadcrumbList\",\"@id\":\"https:\/\/www.lrmm.com\/fr\/cabinet\/lrmm-au-fe-minin\/benevolat\/#breadcrumb\",\"itemListElement\":[{\"@type\":\"ListItem\",\"position\":1,\"name\":\"Accueil\",\"item\":\"https:\/\/www.lrmm.com\/fr\/\"},{\"@type\":\"ListItem\",\"position\":2,\"name\":\"Cabinet\",\"item\":\"https:\/\/www.lrmm.com\/fr\/cabinet\/\"},{\"@type\":\"ListItem\",\"position\":3,\"name\":\"LRMM au f\u00e9minin\",\"item\":\"https:\/\/www.lrmm.com\/fr\/cabinet\/lrmm-au-fe-minin\/\"},{\"@type\":\"ListItem\",\"position\":4,\"name\":\"B\u00e9n\u00e9volat\"}]},{\"@type\":\"WebSite\",\"@id\":\"https:\/\/www.lrmm.com\/fr\/#website\",\"url\":\"https:\/\/www.lrmm.com\/fr\/\",\"name\":\"Lapointe Rosenstein Marchand Melan\u00e7on\",\"description\":\"\",\"potentialAction\":[{\"@type\":\"SearchAction\",\"target\":{\"@type\":\"EntryPoint\",\"urlTemplate\":\"https:\/\/www.lrmm.com\/fr\/?s={search_term_string}\"},\"query-input\":{\"@type\":\"PropertyValueSpecification\",\"valueRequired\":true,\"valueName\":\"search_term_string\"}}],\"inLanguage\":\"fr-CA\"}]}<\/script>\n<!-- \/ Yoast SEO plugin. -->","yoast_head_json":{"title":"B\u00e9n\u00e9volat - Lapointe Rosenstein Marchand Melan\u00e7on","robots":{"index":"index","follow":"follow","max-snippet":"max-snippet:-1","max-image-preview":"max-image-preview:large","max-video-preview":"max-video-preview:-1"},"canonical":"https:\/\/www.lrmm.com\/fr\/cabinet\/lrmm-au-fe-minin\/benevolat\/","og_locale":"fr_CA","og_type":"article","og_title":"B\u00e9n\u00e9volat - Lapointe Rosenstein Marchand Melan\u00e7on","og_description":"Nous croyons \u00e0 l\u2019importance de servir la collectivit\u00e9 et de donner aux suivants L\u2019\u00e9quipe&nbsp;LRMM au f\u00e9minin&nbsp;souhaite contribuer \u00e0 l\u2019avancement des femmes et aider les organismes vou\u00e9s \u00e0 celles-ci. \u00c0 cette fin, des activit\u00e9s de b\u00e9n\u00e9volat auxquelles participeront la gente f\u00e9minine du cabinet seront organis\u00e9es. Pourquoi avoir d\u00e9cid\u00e9 de participer \u00e0 ce type d\u2019activit\u00e9s? Activit\u00e9s &nbsp;","og_url":"https:\/\/www.lrmm.com\/fr\/cabinet\/lrmm-au-fe-minin\/benevolat\/","og_site_name":"Lapointe Rosenstein Marchand Melan\u00e7on","article_modified_time":"2023-01-31T15:21:52+00:00","twitter_card":"summary_large_image","twitter_misc":{"Estimation du temps de lecture":"1 minute"},"schema":{"@context":"https:\/\/schema.org","@graph":[{"@type":"WebPage","@id":"https:\/\/www.lrmm.com\/fr\/cabinet\/lrmm-au-fe-minin\/benevolat\/","url":"https:\/\/www.lrmm.com\/fr\/cabinet\/lrmm-au-fe-minin\/benevolat\/","name":"B\u00e9n\u00e9volat - Lapointe Rosenstein Marchand Melan\u00e7on","isPartOf":{"@id":"https:\/\/www.lrmm.com\/fr\/#website"},"datePublished":"2022-03-07T00:36:34+00:00","dateModified":"2023-01-31T15:21:52+00:00","breadcrumb":{"@id":"https:\/\/www.lrmm.com\/fr\/cabinet\/lrmm-au-fe-minin\/benevolat\/#breadcrumb"},"inLanguage":"fr-CA","potentialAction":[{"@type":"ReadAction","target":["https:\/\/www.lrmm.com\/fr\/cabinet\/lrmm-au-fe-minin\/benevolat\/"]}]},{"@type":"BreadcrumbList","@id":"https:\/\/www.lrmm.com\/fr\/cabinet\/lrmm-au-fe-minin\/benevolat\/#breadcrumb","itemListElement":[{"@type":"ListItem","position":1,"name":"Accueil","item":"https:\/\/www.lrmm.com\/fr\/"},{"@type":"ListItem","position":2,"name":"Cabinet","item":"https:\/\/www.lrmm.com\/fr\/cabinet\/"},{"@type":"ListItem","position":3,"name":"LRMM au f\u00e9minin","item":"https:\/\/www.lrmm.com\/fr\/cabinet\/lrmm-au-fe-minin\/"},{"@type":"ListItem","position":4,"name":"B\u00e9n\u00e9volat"}]},{"@type":"WebSite","@id":"https:\/\/www.lrmm.com\/fr\/#website","url":"https:\/\/www.lrmm.com\/fr\/","name":"Lapointe Rosenstein Marchand Melan\u00e7on","description":"","potentialAction":[{"@type":"SearchAction","target":{"@type":"EntryPoint","urlTemplate":"https:\/\/www.lrmm.com\/fr\/?s={search_term_string}"},"query-input":{"@type":"PropertyValueSpecification","valueRequired":true,"valueName":"search_term_string"}}],"inLanguage":"fr-CA"}]}},"_links":{"self":[{"href":"https:\/\/www.lrmm.com\/fr\/wp-json\/wp\/v2\/pages\/486","targetHints":{"allow":["GET"]}}],"collection":[{"href":"https:\/\/www.lrmm.com\/fr\/wp-json\/wp\/v2\/pages"}],"about":[{"href":"https:\/\/www.lrmm.com\/fr\/wp-json\/wp\/v2\/types\/page"}],"author":[{"embeddable":true,"href":"https:\/\/www.lrmm.com\/fr\/wp-json\/wp\/v2\/users\/1"}],"replies":[{"embeddable":true,"href":"https:\/\/www.lrmm.com\/fr\/wp-json\/wp\/v2\/comments?post=486"}],"version-history":[{"count":0,"href":"https:\/\/www.lrmm.com\/fr\/wp-json\/wp\/v2\/pages\/486\/revisions"}],"up":[{"embeddable":true,"href":"https:\/\/www.lrmm.com\/fr\/wp-json\/wp\/v2\/pages\/480"}],"wp:attachment":[{"href":"https:\/\/www.lrmm.com\/fr\/wp-json\/wp\/v2\/media?parent=486"}],"curies":[{"name":"wp","href":"https:\/\/api.w.org\/{rel}","templated":true}]}}