{"id":482,"date":"2022-03-06T19:35:38","date_gmt":"2022-03-07T00:35:38","guid":{"rendered":"https:\/\/www.lrmm.com\/?page_id=482"},"modified":"2023-01-31T10:23:45","modified_gmt":"2023-01-31T15:23:45","slug":"mission-du-reseau","status":"publish","type":"page","link":"https:\/\/www.lrmm.com\/fr\/cabinet\/lrmm-au-fe-minin\/mission-du-reseau\/","title":{"rendered":"Mission du r\u00e9seau"},"content":{"rendered":"\n<p>Le comit\u00e9 de femmes chapeautant les activit\u00e9s de&nbsp;<strong>LRMM au f\u00e9minin<\/strong>&nbsp;s\u2019est donn\u00e9 comme mission d\u2019augmenter la visibilit\u00e9 des femmes dans les cercles d\u2019influence et d\u2019agir \u00e0 titre de catalyseur pour cr\u00e9er des occasions d\u2019affaires entre femmes.<\/p>\n\n\n\n<p>Ces femmes veulent cr\u00e9er un r\u00e9seau unique et convivial auquel les clientes, contacts d\u2019affaires et professionnelles du cabinet pourront s\u2019\u00e9panouir tant sur le plan professionnel que personnel.<\/p>\n\n\n\n<h3 class=\"wp-block-heading\"><br><strong>Les objectifs de LRMM au f\u00e9minin<\/strong><\/h3>\n\n\n\n<p><\/p>\n\n\n\n<p><strong>LRMM au f\u00e9minin<\/strong>&nbsp;a comme objectif de r\u00e9unir les forces, de maximiser le potentiel et de connecter les talents afin de progresser tant sur le plan professionnel que personnel.<\/p>\n\n\n\n<p>Pour y parvenir, les membres du comit\u00e9&nbsp;<strong>LRMM au f\u00e9minin<\/strong>&nbsp;mettent en place des \u00e9v\u00e9nements et activit\u00e9s r\u00e9pondant aux pr\u00e9occupations des femmes. Souvent appuy\u00e9es par des t\u00e9moignages, ces rencontres ouvrent la porte \u00e0 des discussions et \u00e9changes fort int\u00e9ressants.<\/p>\n","protected":false},"excerpt":{"rendered":"<p>Le comit\u00e9 de femmes chapeautant les activit\u00e9s de&nbsp;LRMM au f\u00e9minin&nbsp;s\u2019est donn\u00e9 comme mission d\u2019augmenter la visibilit\u00e9 des femmes dans les cercles d\u2019influence et d\u2019agir \u00e0 titre de catalyseur pour cr\u00e9er des occasions d\u2019affaires entre femmes. Ces femmes veulent cr\u00e9er un r\u00e9seau unique et convivial auquel les clientes, contacts d\u2019affaires et professionnelles du cabinet pourront s\u2019\u00e9panouir [&hellip;]<\/p>\n","protected":false},"author":1,"featured_media":0,"parent":480,"menu_order":0,"comment_status":"closed","ping_status":"closed","template":"","meta":{"_acf_changed":false,"footnotes":""},"class_list":["post-482","page","type-page","status-publish","hentry"],"acf":[],"yoast_head":"<!-- This site is optimized with the Yoast SEO plugin v26.9 - https:\/\/yoast.com\/product\/yoast-seo-wordpress\/ -->\n<title>Mission du r\u00e9seau - Lapointe Rosenstein Marchand Melan\u00e7on<\/title>\n<meta name=\"robots\" content=\"index, follow, max-snippet:-1, max-image-preview:large, max-video-preview:-1\" \/>\n<link rel=\"canonical\" href=\"https:\/\/www.lrmm.com\/fr\/cabinet\/lrmm-au-fe-minin\/mission-du-reseau\/\" \/>\n<meta property=\"og:locale\" content=\"fr_CA\" \/>\n<meta property=\"og:type\" content=\"article\" \/>\n<meta property=\"og:title\" content=\"Mission du r\u00e9seau - Lapointe Rosenstein Marchand Melan\u00e7on\" \/>\n<meta property=\"og:description\" content=\"Le comit\u00e9 de femmes chapeautant les activit\u00e9s de&nbsp;LRMM au f\u00e9minin&nbsp;s\u2019est donn\u00e9 comme mission d\u2019augmenter la visibilit\u00e9 des femmes dans les cercles d\u2019influence et d\u2019agir \u00e0 titre de catalyseur pour cr\u00e9er des occasions d\u2019affaires entre femmes. Ces femmes veulent cr\u00e9er un r\u00e9seau unique et convivial auquel les clientes, contacts d\u2019affaires et professionnelles du cabinet pourront s\u2019\u00e9panouir [&hellip;]\" \/>\n<meta property=\"og:url\" content=\"https:\/\/www.lrmm.com\/fr\/cabinet\/lrmm-au-fe-minin\/mission-du-reseau\/\" \/>\n<meta property=\"og:site_name\" content=\"Lapointe Rosenstein Marchand Melan\u00e7on\" \/>\n<meta property=\"article:modified_time\" content=\"2023-01-31T15:23:45+00:00\" \/>\n<meta name=\"twitter:card\" content=\"summary_large_image\" \/>\n<meta name=\"twitter:label1\" content=\"Estimation du temps de lecture\" \/>\n\t<meta name=\"twitter:data1\" content=\"1 minute\" \/>\n<script type=\"application\/ld+json\" class=\"yoast-schema-graph\">{\"@context\":\"https:\/\/schema.org\",\"@graph\":[{\"@type\":\"WebPage\",\"@id\":\"https:\/\/www.lrmm.com\/fr\/cabinet\/lrmm-au-fe-minin\/mission-du-reseau\/\",\"url\":\"https:\/\/www.lrmm.com\/fr\/cabinet\/lrmm-au-fe-minin\/mission-du-reseau\/\",\"name\":\"Mission du r\u00e9seau - Lapointe Rosenstein Marchand Melan\u00e7on\",\"isPartOf\":{\"@id\":\"https:\/\/www.lrmm.com\/fr\/#website\"},\"datePublished\":\"2022-03-07T00:35:38+00:00\",\"dateModified\":\"2023-01-31T15:23:45+00:00\",\"breadcrumb\":{\"@id\":\"https:\/\/www.lrmm.com\/fr\/cabinet\/lrmm-au-fe-minin\/mission-du-reseau\/#breadcrumb\"},\"inLanguage\":\"fr-CA\",\"potentialAction\":[{\"@type\":\"ReadAction\",\"target\":[\"https:\/\/www.lrmm.com\/fr\/cabinet\/lrmm-au-fe-minin\/mission-du-reseau\/\"]}]},{\"@type\":\"BreadcrumbList\",\"@id\":\"https:\/\/www.lrmm.com\/fr\/cabinet\/lrmm-au-fe-minin\/mission-du-reseau\/#breadcrumb\",\"itemListElement\":[{\"@type\":\"ListItem\",\"position\":1,\"name\":\"Accueil\",\"item\":\"https:\/\/www.lrmm.com\/fr\/\"},{\"@type\":\"ListItem\",\"position\":2,\"name\":\"Cabinet\",\"item\":\"https:\/\/www.lrmm.com\/fr\/cabinet\/\"},{\"@type\":\"ListItem\",\"position\":3,\"name\":\"LRMM au f\u00e9minin\",\"item\":\"https:\/\/www.lrmm.com\/fr\/cabinet\/lrmm-au-fe-minin\/\"},{\"@type\":\"ListItem\",\"position\":4,\"name\":\"Mission du r\u00e9seau\"}]},{\"@type\":\"WebSite\",\"@id\":\"https:\/\/www.lrmm.com\/fr\/#website\",\"url\":\"https:\/\/www.lrmm.com\/fr\/\",\"name\":\"Lapointe Rosenstein Marchand Melan\u00e7on\",\"description\":\"\",\"potentialAction\":[{\"@type\":\"SearchAction\",\"target\":{\"@type\":\"EntryPoint\",\"urlTemplate\":\"https:\/\/www.lrmm.com\/fr\/?s={search_term_string}\"},\"query-input\":{\"@type\":\"PropertyValueSpecification\",\"valueRequired\":true,\"valueName\":\"search_term_string\"}}],\"inLanguage\":\"fr-CA\"}]}<\/script>\n<!-- \/ Yoast SEO plugin. -->","yoast_head_json":{"title":"Mission du r\u00e9seau - Lapointe Rosenstein Marchand Melan\u00e7on","robots":{"index":"index","follow":"follow","max-snippet":"max-snippet:-1","max-image-preview":"max-image-preview:large","max-video-preview":"max-video-preview:-1"},"canonical":"https:\/\/www.lrmm.com\/fr\/cabinet\/lrmm-au-fe-minin\/mission-du-reseau\/","og_locale":"fr_CA","og_type":"article","og_title":"Mission du r\u00e9seau - Lapointe Rosenstein Marchand Melan\u00e7on","og_description":"Le comit\u00e9 de femmes chapeautant les activit\u00e9s de&nbsp;LRMM au f\u00e9minin&nbsp;s\u2019est donn\u00e9 comme mission d\u2019augmenter la visibilit\u00e9 des femmes dans les cercles d\u2019influence et d\u2019agir \u00e0 titre de catalyseur pour cr\u00e9er des occasions d\u2019affaires entre femmes. Ces femmes veulent cr\u00e9er un r\u00e9seau unique et convivial auquel les clientes, contacts d\u2019affaires et professionnelles du cabinet pourront s\u2019\u00e9panouir [&hellip;]","og_url":"https:\/\/www.lrmm.com\/fr\/cabinet\/lrmm-au-fe-minin\/mission-du-reseau\/","og_site_name":"Lapointe Rosenstein Marchand Melan\u00e7on","article_modified_time":"2023-01-31T15:23:45+00:00","twitter_card":"summary_large_image","twitter_misc":{"Estimation du temps de lecture":"1 minute"},"schema":{"@context":"https:\/\/schema.org","@graph":[{"@type":"WebPage","@id":"https:\/\/www.lrmm.com\/fr\/cabinet\/lrmm-au-fe-minin\/mission-du-reseau\/","url":"https:\/\/www.lrmm.com\/fr\/cabinet\/lrmm-au-fe-minin\/mission-du-reseau\/","name":"Mission du r\u00e9seau - Lapointe Rosenstein Marchand Melan\u00e7on","isPartOf":{"@id":"https:\/\/www.lrmm.com\/fr\/#website"},"datePublished":"2022-03-07T00:35:38+00:00","dateModified":"2023-01-31T15:23:45+00:00","breadcrumb":{"@id":"https:\/\/www.lrmm.com\/fr\/cabinet\/lrmm-au-fe-minin\/mission-du-reseau\/#breadcrumb"},"inLanguage":"fr-CA","potentialAction":[{"@type":"ReadAction","target":["https:\/\/www.lrmm.com\/fr\/cabinet\/lrmm-au-fe-minin\/mission-du-reseau\/"]}]},{"@type":"BreadcrumbList","@id":"https:\/\/www.lrmm.com\/fr\/cabinet\/lrmm-au-fe-minin\/mission-du-reseau\/#breadcrumb","itemListElement":[{"@type":"ListItem","position":1,"name":"Accueil","item":"https:\/\/www.lrmm.com\/fr\/"},{"@type":"ListItem","position":2,"name":"Cabinet","item":"https:\/\/www.lrmm.com\/fr\/cabinet\/"},{"@type":"ListItem","position":3,"name":"LRMM au f\u00e9minin","item":"https:\/\/www.lrmm.com\/fr\/cabinet\/lrmm-au-fe-minin\/"},{"@type":"ListItem","position":4,"name":"Mission du r\u00e9seau"}]},{"@type":"WebSite","@id":"https:\/\/www.lrmm.com\/fr\/#website","url":"https:\/\/www.lrmm.com\/fr\/","name":"Lapointe Rosenstein Marchand Melan\u00e7on","description":"","potentialAction":[{"@type":"SearchAction","target":{"@type":"EntryPoint","urlTemplate":"https:\/\/www.lrmm.com\/fr\/?s={search_term_string}"},"query-input":{"@type":"PropertyValueSpecification","valueRequired":true,"valueName":"search_term_string"}}],"inLanguage":"fr-CA"}]}},"_links":{"self":[{"href":"https:\/\/www.lrmm.com\/fr\/wp-json\/wp\/v2\/pages\/482","targetHints":{"allow":["GET"]}}],"collection":[{"href":"https:\/\/www.lrmm.com\/fr\/wp-json\/wp\/v2\/pages"}],"about":[{"href":"https:\/\/www.lrmm.com\/fr\/wp-json\/wp\/v2\/types\/page"}],"author":[{"embeddable":true,"href":"https:\/\/www.lrmm.com\/fr\/wp-json\/wp\/v2\/users\/1"}],"replies":[{"embeddable":true,"href":"https:\/\/www.lrmm.com\/fr\/wp-json\/wp\/v2\/comments?post=482"}],"version-history":[{"count":0,"href":"https:\/\/www.lrmm.com\/fr\/wp-json\/wp\/v2\/pages\/482\/revisions"}],"up":[{"embeddable":true,"href":"https:\/\/www.lrmm.com\/fr\/wp-json\/wp\/v2\/pages\/480"}],"wp:attachment":[{"href":"https:\/\/www.lrmm.com\/fr\/wp-json\/wp\/v2\/media?parent=482"}],"curies":[{"name":"wp","href":"https:\/\/api.w.org\/{rel}","templated":true}]}}