{"id":480,"date":"2022-03-06T19:32:15","date_gmt":"2022-03-07T00:32:15","guid":{"rendered":"https:\/\/www.lrmm.com\/?page_id=480"},"modified":"2025-09-24T10:42:58","modified_gmt":"2025-09-24T14:42:58","slug":"lrmm-au-fe-minin","status":"publish","type":"page","link":"https:\/\/www.lrmm.com\/fr\/cabinet\/lrmm-au-fe-minin\/","title":{"rendered":"LRMM au f\u00e9minin"},"content":{"rendered":"\n<figure class=\"wp-block-image\"><img decoding=\"async\" src=\"\/CMS\/MediaFree\/image\/LRMM%20au%20f%C3%A9minin%20petit%20format.jpg\" alt=\"\"\/><\/figure>\n\n\n\n<p><br>Lapointe Rosenstein Marchand Melan\u00e7on compte plusieurs femmes professionnelles. Parmi celles-ci on compte des associ\u00e9es, avocates, notaires, parajuristes et cadres. Malgr\u00e9 qu\u2019elles occupent des fonctions diff\u00e9rentes, ces femmes ont des objectifs similaires et partagent souvent les m\u00eames pr\u00e9occupations. Bien s\u00fbr, cette r\u00e9alit\u00e9 ne s\u2019adresse pas uniquement aux femmes de notre cabinet, mais \u00e9galement aux femmes qui \u0153uvrent dans le milieu des affaires. Peu importe le domaine dans lequel elles \u00e9voluent, les femmes recherchent des occasions de r\u00e9seautage, d\u2019apprentissage et de d\u00e9veloppement des affaires.<\/p>\n\n\n\n<p>C\u2019est pour r\u00e9pondre \u00e0 ces besoins que le groupe&nbsp;<strong>LRMM au f\u00e9minin<\/strong>&nbsp;a \u00e9t\u00e9 mis sur pied en 2013.<\/p>\n\n\n\n<p><strong>En bref, LRMM au f\u00e9minin<\/strong>&nbsp;c\u2019est :<\/p>\n\n\n\n<ul class=\"wp-block-list\">\n<li>Un r\u00e9seau de femmes d\u2019affaires favorisant les \u00e9changes d\u2019exp\u00e9riences et leur savoir-faire;<\/li>\n\n\n\n<li>Un v\u00e9hicule permettant aux femmes de se d\u00e9velopper et de s\u2019\u00e9panouir aux niveaux personnel et professionnel;<\/li>\n\n\n\n<li>Une occasion de multiplier les liens et de mettre en contact des professionnelles qui ont des int\u00e9r\u00eats communs;<\/li>\n\n\n\n<li><strong>LRMM au f\u00e9minin<\/strong>\u00a0c\u2019est aussi la force d\u2019un r\u00e9seau compos\u00e9 de femmes d\u2019affaires, de professionnelles et de clientes du cabinet.<\/li>\n<\/ul>\n\n\n\n<p><\/p>\n","protected":false},"excerpt":{"rendered":"<p>Lapointe Rosenstein Marchand Melan\u00e7on compte plusieurs femmes professionnelles. Parmi celles-ci on compte des associ\u00e9es, avocates, notaires, parajuristes et cadres. Malgr\u00e9 qu\u2019elles occupent des fonctions diff\u00e9rentes, ces femmes ont des objectifs similaires et partagent souvent les m\u00eames pr\u00e9occupations. Bien s\u00fbr, cette r\u00e9alit\u00e9 ne s\u2019adresse pas uniquement aux femmes de notre cabinet, mais \u00e9galement aux femmes qui [&hellip;]<\/p>\n","protected":false},"author":1,"featured_media":0,"parent":418,"menu_order":0,"comment_status":"closed","ping_status":"closed","template":"","meta":{"_acf_changed":false,"footnotes":""},"class_list":["post-480","page","type-page","status-publish","hentry"],"acf":[],"yoast_head":"<!-- This site is optimized with the Yoast SEO plugin v26.9 - https:\/\/yoast.com\/product\/yoast-seo-wordpress\/ -->\n<title>LRMM au f\u00e9minin - Lapointe Rosenstein Marchand Melan\u00e7on<\/title>\n<meta name=\"robots\" content=\"index, follow, max-snippet:-1, max-image-preview:large, max-video-preview:-1\" \/>\n<link rel=\"canonical\" href=\"https:\/\/www.lrmm.com\/fr\/cabinet\/lrmm-au-fe-minin\/\" \/>\n<meta property=\"og:locale\" content=\"fr_CA\" \/>\n<meta property=\"og:type\" content=\"article\" \/>\n<meta property=\"og:title\" content=\"LRMM au f\u00e9minin - Lapointe Rosenstein Marchand Melan\u00e7on\" \/>\n<meta property=\"og:description\" content=\"Lapointe Rosenstein Marchand Melan\u00e7on compte plusieurs femmes professionnelles. Parmi celles-ci on compte des associ\u00e9es, avocates, notaires, parajuristes et cadres. Malgr\u00e9 qu\u2019elles occupent des fonctions diff\u00e9rentes, ces femmes ont des objectifs similaires et partagent souvent les m\u00eames pr\u00e9occupations. Bien s\u00fbr, cette r\u00e9alit\u00e9 ne s\u2019adresse pas uniquement aux femmes de notre cabinet, mais \u00e9galement aux femmes qui [&hellip;]\" \/>\n<meta property=\"og:url\" content=\"https:\/\/www.lrmm.com\/fr\/cabinet\/lrmm-au-fe-minin\/\" \/>\n<meta property=\"og:site_name\" content=\"Lapointe Rosenstein Marchand Melan\u00e7on\" \/>\n<meta property=\"article:modified_time\" content=\"2025-09-24T14:42:58+00:00\" \/>\n<meta name=\"twitter:card\" content=\"summary_large_image\" \/>\n<meta name=\"twitter:label1\" content=\"Estimation du temps de lecture\" \/>\n\t<meta name=\"twitter:data1\" content=\"2 minutes\" \/>\n<script type=\"application\/ld+json\" class=\"yoast-schema-graph\">{\"@context\":\"https:\/\/schema.org\",\"@graph\":[{\"@type\":\"WebPage\",\"@id\":\"https:\/\/www.lrmm.com\/fr\/cabinet\/lrmm-au-fe-minin\/\",\"url\":\"https:\/\/www.lrmm.com\/fr\/cabinet\/lrmm-au-fe-minin\/\",\"name\":\"LRMM au f\u00e9minin - Lapointe Rosenstein Marchand Melan\u00e7on\",\"isPartOf\":{\"@id\":\"https:\/\/www.lrmm.com\/fr\/#website\"},\"datePublished\":\"2022-03-07T00:32:15+00:00\",\"dateModified\":\"2025-09-24T14:42:58+00:00\",\"breadcrumb\":{\"@id\":\"https:\/\/www.lrmm.com\/fr\/cabinet\/lrmm-au-fe-minin\/#breadcrumb\"},\"inLanguage\":\"fr-CA\",\"potentialAction\":[{\"@type\":\"ReadAction\",\"target\":[\"https:\/\/www.lrmm.com\/fr\/cabinet\/lrmm-au-fe-minin\/\"]}]},{\"@type\":\"BreadcrumbList\",\"@id\":\"https:\/\/www.lrmm.com\/fr\/cabinet\/lrmm-au-fe-minin\/#breadcrumb\",\"itemListElement\":[{\"@type\":\"ListItem\",\"position\":1,\"name\":\"Accueil\",\"item\":\"https:\/\/www.lrmm.com\/fr\/\"},{\"@type\":\"ListItem\",\"position\":2,\"name\":\"Cabinet\",\"item\":\"https:\/\/www.lrmm.com\/fr\/cabinet\/\"},{\"@type\":\"ListItem\",\"position\":3,\"name\":\"LRMM au f\u00e9minin\"}]},{\"@type\":\"WebSite\",\"@id\":\"https:\/\/www.lrmm.com\/fr\/#website\",\"url\":\"https:\/\/www.lrmm.com\/fr\/\",\"name\":\"Lapointe Rosenstein Marchand Melan\u00e7on\",\"description\":\"\",\"potentialAction\":[{\"@type\":\"SearchAction\",\"target\":{\"@type\":\"EntryPoint\",\"urlTemplate\":\"https:\/\/www.lrmm.com\/fr\/?s={search_term_string}\"},\"query-input\":{\"@type\":\"PropertyValueSpecification\",\"valueRequired\":true,\"valueName\":\"search_term_string\"}}],\"inLanguage\":\"fr-CA\"}]}<\/script>\n<!-- \/ Yoast SEO plugin. -->","yoast_head_json":{"title":"LRMM au f\u00e9minin - Lapointe Rosenstein Marchand Melan\u00e7on","robots":{"index":"index","follow":"follow","max-snippet":"max-snippet:-1","max-image-preview":"max-image-preview:large","max-video-preview":"max-video-preview:-1"},"canonical":"https:\/\/www.lrmm.com\/fr\/cabinet\/lrmm-au-fe-minin\/","og_locale":"fr_CA","og_type":"article","og_title":"LRMM au f\u00e9minin - Lapointe Rosenstein Marchand Melan\u00e7on","og_description":"Lapointe Rosenstein Marchand Melan\u00e7on compte plusieurs femmes professionnelles. Parmi celles-ci on compte des associ\u00e9es, avocates, notaires, parajuristes et cadres. Malgr\u00e9 qu\u2019elles occupent des fonctions diff\u00e9rentes, ces femmes ont des objectifs similaires et partagent souvent les m\u00eames pr\u00e9occupations. Bien s\u00fbr, cette r\u00e9alit\u00e9 ne s\u2019adresse pas uniquement aux femmes de notre cabinet, mais \u00e9galement aux femmes qui [&hellip;]","og_url":"https:\/\/www.lrmm.com\/fr\/cabinet\/lrmm-au-fe-minin\/","og_site_name":"Lapointe Rosenstein Marchand Melan\u00e7on","article_modified_time":"2025-09-24T14:42:58+00:00","twitter_card":"summary_large_image","twitter_misc":{"Estimation du temps de lecture":"2 minutes"},"schema":{"@context":"https:\/\/schema.org","@graph":[{"@type":"WebPage","@id":"https:\/\/www.lrmm.com\/fr\/cabinet\/lrmm-au-fe-minin\/","url":"https:\/\/www.lrmm.com\/fr\/cabinet\/lrmm-au-fe-minin\/","name":"LRMM au f\u00e9minin - Lapointe Rosenstein Marchand Melan\u00e7on","isPartOf":{"@id":"https:\/\/www.lrmm.com\/fr\/#website"},"datePublished":"2022-03-07T00:32:15+00:00","dateModified":"2025-09-24T14:42:58+00:00","breadcrumb":{"@id":"https:\/\/www.lrmm.com\/fr\/cabinet\/lrmm-au-fe-minin\/#breadcrumb"},"inLanguage":"fr-CA","potentialAction":[{"@type":"ReadAction","target":["https:\/\/www.lrmm.com\/fr\/cabinet\/lrmm-au-fe-minin\/"]}]},{"@type":"BreadcrumbList","@id":"https:\/\/www.lrmm.com\/fr\/cabinet\/lrmm-au-fe-minin\/#breadcrumb","itemListElement":[{"@type":"ListItem","position":1,"name":"Accueil","item":"https:\/\/www.lrmm.com\/fr\/"},{"@type":"ListItem","position":2,"name":"Cabinet","item":"https:\/\/www.lrmm.com\/fr\/cabinet\/"},{"@type":"ListItem","position":3,"name":"LRMM au f\u00e9minin"}]},{"@type":"WebSite","@id":"https:\/\/www.lrmm.com\/fr\/#website","url":"https:\/\/www.lrmm.com\/fr\/","name":"Lapointe Rosenstein Marchand Melan\u00e7on","description":"","potentialAction":[{"@type":"SearchAction","target":{"@type":"EntryPoint","urlTemplate":"https:\/\/www.lrmm.com\/fr\/?s={search_term_string}"},"query-input":{"@type":"PropertyValueSpecification","valueRequired":true,"valueName":"search_term_string"}}],"inLanguage":"fr-CA"}]}},"_links":{"self":[{"href":"https:\/\/www.lrmm.com\/fr\/wp-json\/wp\/v2\/pages\/480","targetHints":{"allow":["GET"]}}],"collection":[{"href":"https:\/\/www.lrmm.com\/fr\/wp-json\/wp\/v2\/pages"}],"about":[{"href":"https:\/\/www.lrmm.com\/fr\/wp-json\/wp\/v2\/types\/page"}],"author":[{"embeddable":true,"href":"https:\/\/www.lrmm.com\/fr\/wp-json\/wp\/v2\/users\/1"}],"replies":[{"embeddable":true,"href":"https:\/\/www.lrmm.com\/fr\/wp-json\/wp\/v2\/comments?post=480"}],"version-history":[{"count":1,"href":"https:\/\/www.lrmm.com\/fr\/wp-json\/wp\/v2\/pages\/480\/revisions"}],"predecessor-version":[{"id":6367,"href":"https:\/\/www.lrmm.com\/fr\/wp-json\/wp\/v2\/pages\/480\/revisions\/6367"}],"up":[{"embeddable":true,"href":"https:\/\/www.lrmm.com\/fr\/wp-json\/wp\/v2\/pages\/418"}],"wp:attachment":[{"href":"https:\/\/www.lrmm.com\/fr\/wp-json\/wp\/v2\/media?parent=480"}],"curies":[{"name":"wp","href":"https:\/\/api.w.org\/{rel}","templated":true}]}}