{"id":478,"date":"2022-03-06T19:31:43","date_gmt":"2022-03-07T00:31:43","guid":{"rendered":"https:\/\/www.lrmm.com\/?page_id=478"},"modified":"2022-03-07T21:31:11","modified_gmt":"2022-03-08T02:31:11","slug":"affiliations","status":"publish","type":"page","link":"https:\/\/www.lrmm.com\/fr\/cabinet\/affiliations\/","title":{"rendered":"Affiliations"},"content":{"rendered":"\n<h2 class=\"wp-block-heading\">TerraLex<sup>MD<\/sup><\/h2>\n\n\n\n<p>L\u2019avantage&nbsp;<a href=\"https:\/\/www.terralex.org\/tlglobal\/Home\">TerraLex<\/a><sup>MD<\/sup>&nbsp;nous permet de mettre \u00e0 la disposition de nos clients les services d\u2019un r\u00e9seau mondial de 19&nbsp;000 avocats provenant de 155&nbsp;cabinets ind\u00e9pendants qui souscrivent \u00e0 des normes professionnelles \u00e9lev\u00e9es dans 100 pays.<\/p>\n\n\n\n<p>Comme membre de TerraLex<sup>MD<\/sup>, nous collaborons \u00e9troitement avec d\u2019autres cabinets de partout dans le monde afin de r\u00e9pondre aux besoins juridiques de nos clients et de servir leurs int\u00e9r\u00eats commerciaux. Une envergure mondiale et une expertise locale pour relever tous les d\u00e9fis, en tout temps et en tout lieu, voil\u00e0 le vrai avantage TerraLex<sup>MD<\/sup>!<\/p>\n","protected":false},"excerpt":{"rendered":"<p>TerraLexMD L\u2019avantage&nbsp;TerraLexMD&nbsp;nous permet de mettre \u00e0 la disposition de nos clients les services d\u2019un r\u00e9seau mondial de 19&nbsp;000 avocats provenant de 155&nbsp;cabinets ind\u00e9pendants qui souscrivent \u00e0 des normes professionnelles \u00e9lev\u00e9es dans 100 pays. Comme membre de TerraLexMD, nous collaborons \u00e9troitement avec d\u2019autres cabinets de partout dans le monde afin de r\u00e9pondre aux besoins juridiques de [&hellip;]<\/p>\n","protected":false},"author":1,"featured_media":0,"parent":418,"menu_order":0,"comment_status":"closed","ping_status":"closed","template":"","meta":{"_acf_changed":false,"footnotes":""},"class_list":["post-478","page","type-page","status-publish","hentry"],"acf":[],"yoast_head":"<!-- This site is optimized with the Yoast SEO plugin v27.5 - https:\/\/yoast.com\/product\/yoast-seo-wordpress\/ -->\n<title>Affiliations - Lapointe Rosenstein Marchand Melan\u00e7on<\/title>\n<meta name=\"robots\" content=\"index, follow, max-snippet:-1, max-image-preview:large, max-video-preview:-1\" \/>\n<link rel=\"canonical\" href=\"https:\/\/www.lrmm.com\/fr\/cabinet\/affiliations\/\" \/>\n<meta property=\"og:locale\" content=\"fr_CA\" \/>\n<meta property=\"og:type\" content=\"article\" \/>\n<meta property=\"og:title\" content=\"Affiliations - Lapointe Rosenstein Marchand Melan\u00e7on\" \/>\n<meta property=\"og:description\" content=\"TerraLexMD L\u2019avantage&nbsp;TerraLexMD&nbsp;nous permet de mettre \u00e0 la disposition de nos clients les services d\u2019un r\u00e9seau mondial de 19&nbsp;000 avocats provenant de 155&nbsp;cabinets ind\u00e9pendants qui souscrivent \u00e0 des normes professionnelles \u00e9lev\u00e9es dans 100 pays. Comme membre de TerraLexMD, nous collaborons \u00e9troitement avec d\u2019autres cabinets de partout dans le monde afin de r\u00e9pondre aux besoins juridiques de [&hellip;]\" \/>\n<meta property=\"og:url\" content=\"https:\/\/www.lrmm.com\/fr\/cabinet\/affiliations\/\" \/>\n<meta property=\"og:site_name\" content=\"Lapointe Rosenstein Marchand Melan\u00e7on\" \/>\n<meta property=\"article:modified_time\" content=\"2022-03-08T02:31:11+00:00\" \/>\n<meta name=\"twitter:card\" content=\"summary_large_image\" \/>\n<meta name=\"twitter:label1\" content=\"Estimation du temps de lecture\" \/>\n\t<meta name=\"twitter:data1\" content=\"1 minute\" \/>\n<script type=\"application\/ld+json\" class=\"yoast-schema-graph\">{\"@context\":\"https:\\\/\\\/schema.org\",\"@graph\":[{\"@type\":\"WebPage\",\"@id\":\"https:\\\/\\\/www.lrmm.com\\\/fr\\\/cabinet\\\/affiliations\\\/\",\"url\":\"https:\\\/\\\/www.lrmm.com\\\/fr\\\/cabinet\\\/affiliations\\\/\",\"name\":\"Affiliations - Lapointe Rosenstein Marchand Melan\u00e7on\",\"isPartOf\":{\"@id\":\"https:\\\/\\\/www.lrmm.com\\\/fr\\\/#website\"},\"datePublished\":\"2022-03-07T00:31:43+00:00\",\"dateModified\":\"2022-03-08T02:31:11+00:00\",\"breadcrumb\":{\"@id\":\"https:\\\/\\\/www.lrmm.com\\\/fr\\\/cabinet\\\/affiliations\\\/#breadcrumb\"},\"inLanguage\":\"fr-CA\",\"potentialAction\":[{\"@type\":\"ReadAction\",\"target\":[\"https:\\\/\\\/www.lrmm.com\\\/fr\\\/cabinet\\\/affiliations\\\/\"]}]},{\"@type\":\"BreadcrumbList\",\"@id\":\"https:\\\/\\\/www.lrmm.com\\\/fr\\\/cabinet\\\/affiliations\\\/#breadcrumb\",\"itemListElement\":[{\"@type\":\"ListItem\",\"position\":1,\"name\":\"Accueil\",\"item\":\"https:\\\/\\\/www.lrmm.com\\\/fr\\\/\"},{\"@type\":\"ListItem\",\"position\":2,\"name\":\"Cabinet\",\"item\":\"https:\\\/\\\/www.lrmm.com\\\/fr\\\/cabinet\\\/\"},{\"@type\":\"ListItem\",\"position\":3,\"name\":\"Affiliations\"}]},{\"@type\":\"WebSite\",\"@id\":\"https:\\\/\\\/www.lrmm.com\\\/fr\\\/#website\",\"url\":\"https:\\\/\\\/www.lrmm.com\\\/fr\\\/\",\"name\":\"Lapointe Rosenstein Marchand Melan\u00e7on\",\"description\":\"\",\"potentialAction\":[{\"@type\":\"SearchAction\",\"target\":{\"@type\":\"EntryPoint\",\"urlTemplate\":\"https:\\\/\\\/www.lrmm.com\\\/fr\\\/?s={search_term_string}\"},\"query-input\":{\"@type\":\"PropertyValueSpecification\",\"valueRequired\":true,\"valueName\":\"search_term_string\"}}],\"inLanguage\":\"fr-CA\"}]}<\/script>\n<!-- \/ Yoast SEO plugin. -->","yoast_head_json":{"title":"Affiliations - Lapointe Rosenstein Marchand Melan\u00e7on","robots":{"index":"index","follow":"follow","max-snippet":"max-snippet:-1","max-image-preview":"max-image-preview:large","max-video-preview":"max-video-preview:-1"},"canonical":"https:\/\/www.lrmm.com\/fr\/cabinet\/affiliations\/","og_locale":"fr_CA","og_type":"article","og_title":"Affiliations - Lapointe Rosenstein Marchand Melan\u00e7on","og_description":"TerraLexMD L\u2019avantage&nbsp;TerraLexMD&nbsp;nous permet de mettre \u00e0 la disposition de nos clients les services d\u2019un r\u00e9seau mondial de 19&nbsp;000 avocats provenant de 155&nbsp;cabinets ind\u00e9pendants qui souscrivent \u00e0 des normes professionnelles \u00e9lev\u00e9es dans 100 pays. Comme membre de TerraLexMD, nous collaborons \u00e9troitement avec d\u2019autres cabinets de partout dans le monde afin de r\u00e9pondre aux besoins juridiques de [&hellip;]","og_url":"https:\/\/www.lrmm.com\/fr\/cabinet\/affiliations\/","og_site_name":"Lapointe Rosenstein Marchand Melan\u00e7on","article_modified_time":"2022-03-08T02:31:11+00:00","twitter_card":"summary_large_image","twitter_misc":{"Estimation du temps de lecture":"1 minute"},"schema":{"@context":"https:\/\/schema.org","@graph":[{"@type":"WebPage","@id":"https:\/\/www.lrmm.com\/fr\/cabinet\/affiliations\/","url":"https:\/\/www.lrmm.com\/fr\/cabinet\/affiliations\/","name":"Affiliations - Lapointe Rosenstein Marchand Melan\u00e7on","isPartOf":{"@id":"https:\/\/www.lrmm.com\/fr\/#website"},"datePublished":"2022-03-07T00:31:43+00:00","dateModified":"2022-03-08T02:31:11+00:00","breadcrumb":{"@id":"https:\/\/www.lrmm.com\/fr\/cabinet\/affiliations\/#breadcrumb"},"inLanguage":"fr-CA","potentialAction":[{"@type":"ReadAction","target":["https:\/\/www.lrmm.com\/fr\/cabinet\/affiliations\/"]}]},{"@type":"BreadcrumbList","@id":"https:\/\/www.lrmm.com\/fr\/cabinet\/affiliations\/#breadcrumb","itemListElement":[{"@type":"ListItem","position":1,"name":"Accueil","item":"https:\/\/www.lrmm.com\/fr\/"},{"@type":"ListItem","position":2,"name":"Cabinet","item":"https:\/\/www.lrmm.com\/fr\/cabinet\/"},{"@type":"ListItem","position":3,"name":"Affiliations"}]},{"@type":"WebSite","@id":"https:\/\/www.lrmm.com\/fr\/#website","url":"https:\/\/www.lrmm.com\/fr\/","name":"Lapointe Rosenstein Marchand Melan\u00e7on","description":"","potentialAction":[{"@type":"SearchAction","target":{"@type":"EntryPoint","urlTemplate":"https:\/\/www.lrmm.com\/fr\/?s={search_term_string}"},"query-input":{"@type":"PropertyValueSpecification","valueRequired":true,"valueName":"search_term_string"}}],"inLanguage":"fr-CA"}]}},"_links":{"self":[{"href":"https:\/\/www.lrmm.com\/fr\/wp-json\/wp\/v2\/pages\/478","targetHints":{"allow":["GET"]}}],"collection":[{"href":"https:\/\/www.lrmm.com\/fr\/wp-json\/wp\/v2\/pages"}],"about":[{"href":"https:\/\/www.lrmm.com\/fr\/wp-json\/wp\/v2\/types\/page"}],"author":[{"embeddable":true,"href":"https:\/\/www.lrmm.com\/fr\/wp-json\/wp\/v2\/users\/1"}],"replies":[{"embeddable":true,"href":"https:\/\/www.lrmm.com\/fr\/wp-json\/wp\/v2\/comments?post=478"}],"version-history":[{"count":0,"href":"https:\/\/www.lrmm.com\/fr\/wp-json\/wp\/v2\/pages\/478\/revisions"}],"up":[{"embeddable":true,"href":"https:\/\/www.lrmm.com\/fr\/wp-json\/wp\/v2\/pages\/418"}],"wp:attachment":[{"href":"https:\/\/www.lrmm.com\/fr\/wp-json\/wp\/v2\/media?parent=478"}],"curies":[{"name":"wp","href":"https:\/\/api.w.org\/{rel}","templated":true}]}}