{"id":476,"date":"2022-03-06T19:31:26","date_gmt":"2022-03-07T00:31:26","guid":{"rendered":"https:\/\/www.lrmm.com\/?page_id=476"},"modified":"2022-03-14T22:41:20","modified_gmt":"2022-03-15T02:41:20","slug":"historique","status":"publish","type":"page","link":"https:\/\/www.lrmm.com\/fr\/cabinet\/historique\/","title":{"rendered":"Historique"},"content":{"rendered":"\n<img decoding=\"async\" class=\"content-img\" src=\"\/wp-content\/uploads\/2022\/03\/firmProfile.jpeg\" alt=\"Photo \u00e9difice 1250\">\n\n\n\n<h2 class=\"wp-block-heading\"><strong>La petite histoire d\u2019un grand cabinet<\/strong><\/h2>\n\n\n\n<p>Lapointe Rosenstein Marchand Melan\u00e7on est l\u2019un des plus importants cabinets juridiques ind\u00e9pendants au Qu\u00e9bec. Il est n\u00e9 de la fusion, le 1<sup>er&nbsp;<\/sup>janvier 2010, des cabinets Lapointe Rosenstein et Marchand Melan\u00e7on Forget, tous les deux bien \u00e9tablis au Qu\u00e9bec depuis de nombreuses ann\u00e9es.<\/p>\n\n\n\n<p>Notre cabinet compte plus de 60 avocats \u0153uvrant en droit des affaires, droit des assurances, droit bancaire, droit financier,&nbsp;faillites et insolvabilit\u00e9, fiscalit\u00e9, franchisage, immobilier, transactions internationales, licences et technologie, litiges civil et commercial, propri\u00e9t\u00e9 intellectuelle ainsi qu&rsquo;en droit du travail et de l&#8217;emploi. Notre cabinet compte \u00e9galement sur l\u2019expertise d\u2019autres professionnels comme des notaires, des conseillers et des traducteurs.<\/p>\n\n\n\n<p>Depuis plus de 60&nbsp;ans, nous surpassons les attentes de nos clients en mati\u00e8re d\u2019expertise, de disponibilit\u00e9 et de fiabilit\u00e9 et nous ne faisons aucun compromis sur le professionnalisme, la rapidit\u00e9 et l\u2019efficacit\u00e9 de nos services.<\/p>\n\n\n\n<p>Nous avons \u00e9galement r\u00e9ussi \u00e0 \u00e9tablir et \u00e0 d\u00e9velopper une pratique internationale afin de mieux servir notre client\u00e8le dans un contexte de mondialisation et d\u2019expansion accrues des march\u00e9s. Gr\u00e2ce \u00e0 notre adh\u00e9sion \u00e0&nbsp;<a href=\"http:\/\/www.terralex.org\/homepage.aspx\">TerraLex<\/a><sup>MD<\/sup>, organisme international regroupant des avocats de plus de 100&nbsp;pays, nous avons acc\u00e8s \u00e0 un r\u00e9seau mondial de conseillers juridiques et commerciaux.<\/p>\n\n\n\n<p>Notre cabinet est multilingue et multiculturel, et nos avocats sont issus d\u2019origines diverses. Le tiers d\u2019entre eux sont des Canadiens de premi\u00e8re ou de deuxi\u00e8me g\u00e9n\u00e9ration, \u00e0 l\u2019image de la diversit\u00e9 culturelle et linguistique de Montr\u00e9al. Notre cabinet est ouvert sur le monde et propose ses services en 11&nbsp;langues.<\/p>\n\n\n\n<h3 class=\"wp-block-heading\"><strong>Notre philosophie<\/strong><\/h3>\n\n\n\n<p>Une des pierres angulaires de notre philosophie commerciale consiste \u00e0 bien comprendre les entreprises de nos clients afin d\u2019aller au-del\u00e0 des services traditionnellement offerts et de devenir leurs conseillers d\u2019affaires aussi bien que leurs avocats. Nous sommes un groupe entrepreneurial et dynamique et nous travaillons sans rel\u00e2che et avec t\u00e9nacit\u00e9 pour des clients dont les dossiers, les pr\u00e9occupations et les enjeux deviennent n\u00f4tres. Les objectifs de nos clients passent avant tout et nous nous attendons \u00e0 relever des d\u00e9fis dans notre travail. Cr\u00e9atifs, souples et rapides, nous sommes toujours pr\u00eats \u00e0 nous surpasser afin de trouver les meilleures solutions et d\u2019obtenir les meilleurs r\u00e9sultats pour nos clients.<\/p>\n\n\n\n<h3 class=\"wp-block-heading\"><strong>Des r\u00e9sultats sup\u00e9rieurs<\/strong><\/h3>\n\n\n\n<p>Nous offrons \u00e0 nos clients des secteurs des affaires et des assurances&nbsp;une gamme compl\u00e8te de services juridiques de premier ordre parfaitement adapt\u00e9s \u00e0 leurs besoins. Notre but est d\u2019aider nos clients dans toutes les facettes de leurs activit\u00e9s, que ce soit au Qu\u00e9bec, au Canada, aux \u00c9tats-Unis ou ailleurs dans le monde. Nous accompagnons nos clients \u00e0 toutes les \u00e9tapes de leur d\u00e9veloppement \u2013 d\u00e9marrage, obtention de financement, structuration des activit\u00e9s, croissance nationale, fusions et acquisitions, expansion nationale et internationale et bien plus \u2013 et nous aidons efficacement aussi bien le nouvel entrepreneur que les institutions et les multinationales.<\/p>\n\n\n\n<h3 class=\"wp-block-heading\"><strong>Une r\u00e9putation d\u2019excellence<\/strong><\/h3>\n\n\n\n<p>Notre r\u00e9putation s\u2019appuie sur une tradition d\u2019excellence professionnelle, d\u2019ing\u00e9niosit\u00e9 et de perspicacit\u00e9. Notre mission consiste \u00e0 devenir un choix incontournable dans le milieu des affaires et des assurances en raison de notre engagement en mati\u00e8re de service et d\u2019excellence, de notre \u00e9quipe de professionnels, de notre esprit d\u2019entreprenariat, de notre multiculturalisme et de notre acc\u00e8s international.<\/p>\n\n\n\n<p>Notre approche de travail proactive, fond\u00e9e sur une \u00e9troite collaboration avec le client, assure la cr\u00e9ation de liens durables ciment\u00e9s par le succ\u00e8s.<\/p>\n\n\n\n<p>Notre cabinet est m\u00fb par une culture et un esprit d\u2019entreprise qui favorisent la prestation de services juridiques cr\u00e9atifs et dynamiques permettant l\u2019\u00e9laboration de solutions efficaces fond\u00e9es sur une connaissance exceptionnelle du droit. Nous sommes particuli\u00e8rement fiers de la qualit\u00e9 de notre approche strat\u00e9gique et de notre capacit\u00e9 \u00e0 bien comprendre les objectifs de nos clients, les questions cruciales avec lesquelles ils sont aux prises ainsi que les occasions qui se pr\u00e9sentent \u00e0 eux.<\/p>\n\n\n\n<h3 class=\"wp-block-heading\"><strong>Un engagement total envers nos clients<\/strong><\/h3>\n\n\n\n<p>Fond\u00e9 sur l\u2019\u00e9tablissement de relations fructueuses \u00e0 long terme d\u00e9coulant d\u2019un service \u00e0 valeur ajout\u00e9e d\u00e9vou\u00e9 et loyal, l\u2019engagement que nous prenons envers nos clients est absolu.<\/p>\n","protected":false},"excerpt":{"rendered":"<p>La petite histoire d\u2019un grand cabinet Lapointe Rosenstein Marchand Melan\u00e7on est l\u2019un des plus importants cabinets juridiques ind\u00e9pendants au Qu\u00e9bec. Il est n\u00e9 de la fusion, le 1er&nbsp;janvier 2010, des cabinets Lapointe Rosenstein et Marchand Melan\u00e7on Forget, tous les deux bien \u00e9tablis au Qu\u00e9bec depuis de nombreuses ann\u00e9es. Notre cabinet compte plus de 60 avocats [&hellip;]<\/p>\n","protected":false},"author":1,"featured_media":0,"parent":418,"menu_order":0,"comment_status":"closed","ping_status":"closed","template":"","meta":{"_acf_changed":false,"footnotes":""},"class_list":["post-476","page","type-page","status-publish","hentry"],"acf":[],"yoast_head":"<!-- This site is optimized with the Yoast SEO plugin v26.9 - https:\/\/yoast.com\/product\/yoast-seo-wordpress\/ -->\n<title>Historique - Lapointe Rosenstein Marchand Melan\u00e7on<\/title>\n<meta name=\"robots\" content=\"index, follow, max-snippet:-1, max-image-preview:large, max-video-preview:-1\" \/>\n<link rel=\"canonical\" href=\"https:\/\/www.lrmm.com\/fr\/cabinet\/historique\/\" \/>\n<meta property=\"og:locale\" content=\"fr_CA\" \/>\n<meta property=\"og:type\" content=\"article\" \/>\n<meta property=\"og:title\" content=\"Historique - Lapointe Rosenstein Marchand Melan\u00e7on\" \/>\n<meta property=\"og:description\" content=\"La petite histoire d\u2019un grand cabinet Lapointe Rosenstein Marchand Melan\u00e7on est l\u2019un des plus importants cabinets juridiques ind\u00e9pendants au Qu\u00e9bec. Il est n\u00e9 de la fusion, le 1er&nbsp;janvier 2010, des cabinets Lapointe Rosenstein et Marchand Melan\u00e7on Forget, tous les deux bien \u00e9tablis au Qu\u00e9bec depuis de nombreuses ann\u00e9es. Notre cabinet compte plus de 60 avocats [&hellip;]\" \/>\n<meta property=\"og:url\" content=\"https:\/\/www.lrmm.com\/fr\/cabinet\/historique\/\" \/>\n<meta property=\"og:site_name\" content=\"Lapointe Rosenstein Marchand Melan\u00e7on\" \/>\n<meta property=\"article:modified_time\" content=\"2022-03-15T02:41:20+00:00\" \/>\n<meta name=\"twitter:card\" content=\"summary_large_image\" \/>\n<meta name=\"twitter:label1\" content=\"Estimation du temps de lecture\" \/>\n\t<meta name=\"twitter:data1\" content=\"4 minutes\" \/>\n<script type=\"application\/ld+json\" class=\"yoast-schema-graph\">{\"@context\":\"https:\/\/schema.org\",\"@graph\":[{\"@type\":\"WebPage\",\"@id\":\"https:\/\/www.lrmm.com\/fr\/cabinet\/historique\/\",\"url\":\"https:\/\/www.lrmm.com\/fr\/cabinet\/historique\/\",\"name\":\"Historique - Lapointe Rosenstein Marchand Melan\u00e7on\",\"isPartOf\":{\"@id\":\"https:\/\/www.lrmm.com\/fr\/#website\"},\"datePublished\":\"2022-03-07T00:31:26+00:00\",\"dateModified\":\"2022-03-15T02:41:20+00:00\",\"breadcrumb\":{\"@id\":\"https:\/\/www.lrmm.com\/fr\/cabinet\/historique\/#breadcrumb\"},\"inLanguage\":\"fr-CA\",\"potentialAction\":[{\"@type\":\"ReadAction\",\"target\":[\"https:\/\/www.lrmm.com\/fr\/cabinet\/historique\/\"]}]},{\"@type\":\"BreadcrumbList\",\"@id\":\"https:\/\/www.lrmm.com\/fr\/cabinet\/historique\/#breadcrumb\",\"itemListElement\":[{\"@type\":\"ListItem\",\"position\":1,\"name\":\"Accueil\",\"item\":\"https:\/\/www.lrmm.com\/fr\/\"},{\"@type\":\"ListItem\",\"position\":2,\"name\":\"Cabinet\",\"item\":\"https:\/\/www.lrmm.com\/fr\/cabinet\/\"},{\"@type\":\"ListItem\",\"position\":3,\"name\":\"Historique\"}]},{\"@type\":\"WebSite\",\"@id\":\"https:\/\/www.lrmm.com\/fr\/#website\",\"url\":\"https:\/\/www.lrmm.com\/fr\/\",\"name\":\"Lapointe Rosenstein Marchand Melan\u00e7on\",\"description\":\"\",\"potentialAction\":[{\"@type\":\"SearchAction\",\"target\":{\"@type\":\"EntryPoint\",\"urlTemplate\":\"https:\/\/www.lrmm.com\/fr\/?s={search_term_string}\"},\"query-input\":{\"@type\":\"PropertyValueSpecification\",\"valueRequired\":true,\"valueName\":\"search_term_string\"}}],\"inLanguage\":\"fr-CA\"}]}<\/script>\n<!-- \/ Yoast SEO plugin. -->","yoast_head_json":{"title":"Historique - Lapointe Rosenstein Marchand Melan\u00e7on","robots":{"index":"index","follow":"follow","max-snippet":"max-snippet:-1","max-image-preview":"max-image-preview:large","max-video-preview":"max-video-preview:-1"},"canonical":"https:\/\/www.lrmm.com\/fr\/cabinet\/historique\/","og_locale":"fr_CA","og_type":"article","og_title":"Historique - Lapointe Rosenstein Marchand Melan\u00e7on","og_description":"La petite histoire d\u2019un grand cabinet Lapointe Rosenstein Marchand Melan\u00e7on est l\u2019un des plus importants cabinets juridiques ind\u00e9pendants au Qu\u00e9bec. Il est n\u00e9 de la fusion, le 1er&nbsp;janvier 2010, des cabinets Lapointe Rosenstein et Marchand Melan\u00e7on Forget, tous les deux bien \u00e9tablis au Qu\u00e9bec depuis de nombreuses ann\u00e9es. Notre cabinet compte plus de 60 avocats [&hellip;]","og_url":"https:\/\/www.lrmm.com\/fr\/cabinet\/historique\/","og_site_name":"Lapointe Rosenstein Marchand Melan\u00e7on","article_modified_time":"2022-03-15T02:41:20+00:00","twitter_card":"summary_large_image","twitter_misc":{"Estimation du temps de lecture":"4 minutes"},"schema":{"@context":"https:\/\/schema.org","@graph":[{"@type":"WebPage","@id":"https:\/\/www.lrmm.com\/fr\/cabinet\/historique\/","url":"https:\/\/www.lrmm.com\/fr\/cabinet\/historique\/","name":"Historique - Lapointe Rosenstein Marchand Melan\u00e7on","isPartOf":{"@id":"https:\/\/www.lrmm.com\/fr\/#website"},"datePublished":"2022-03-07T00:31:26+00:00","dateModified":"2022-03-15T02:41:20+00:00","breadcrumb":{"@id":"https:\/\/www.lrmm.com\/fr\/cabinet\/historique\/#breadcrumb"},"inLanguage":"fr-CA","potentialAction":[{"@type":"ReadAction","target":["https:\/\/www.lrmm.com\/fr\/cabinet\/historique\/"]}]},{"@type":"BreadcrumbList","@id":"https:\/\/www.lrmm.com\/fr\/cabinet\/historique\/#breadcrumb","itemListElement":[{"@type":"ListItem","position":1,"name":"Accueil","item":"https:\/\/www.lrmm.com\/fr\/"},{"@type":"ListItem","position":2,"name":"Cabinet","item":"https:\/\/www.lrmm.com\/fr\/cabinet\/"},{"@type":"ListItem","position":3,"name":"Historique"}]},{"@type":"WebSite","@id":"https:\/\/www.lrmm.com\/fr\/#website","url":"https:\/\/www.lrmm.com\/fr\/","name":"Lapointe Rosenstein Marchand Melan\u00e7on","description":"","potentialAction":[{"@type":"SearchAction","target":{"@type":"EntryPoint","urlTemplate":"https:\/\/www.lrmm.com\/fr\/?s={search_term_string}"},"query-input":{"@type":"PropertyValueSpecification","valueRequired":true,"valueName":"search_term_string"}}],"inLanguage":"fr-CA"}]}},"_links":{"self":[{"href":"https:\/\/www.lrmm.com\/fr\/wp-json\/wp\/v2\/pages\/476","targetHints":{"allow":["GET"]}}],"collection":[{"href":"https:\/\/www.lrmm.com\/fr\/wp-json\/wp\/v2\/pages"}],"about":[{"href":"https:\/\/www.lrmm.com\/fr\/wp-json\/wp\/v2\/types\/page"}],"author":[{"embeddable":true,"href":"https:\/\/www.lrmm.com\/fr\/wp-json\/wp\/v2\/users\/1"}],"replies":[{"embeddable":true,"href":"https:\/\/www.lrmm.com\/fr\/wp-json\/wp\/v2\/comments?post=476"}],"version-history":[{"count":0,"href":"https:\/\/www.lrmm.com\/fr\/wp-json\/wp\/v2\/pages\/476\/revisions"}],"up":[{"embeddable":true,"href":"https:\/\/www.lrmm.com\/fr\/wp-json\/wp\/v2\/pages\/418"}],"wp:attachment":[{"href":"https:\/\/www.lrmm.com\/fr\/wp-json\/wp\/v2\/media?parent=476"}],"curies":[{"name":"wp","href":"https:\/\/api.w.org\/{rel}","templated":true}]}}