{"id":423,"date":"2022-03-06T18:01:22","date_gmt":"2022-03-06T23:01:22","guid":{"rendered":"https:\/\/www.lrmm.com\/?page_id=423"},"modified":"2022-03-07T21:44:34","modified_gmt":"2022-03-08T02:44:34","slug":"expertise","status":"publish","type":"page","link":"https:\/\/www.lrmm.com\/fr\/expertise\/","title":{"rendered":"Expertise"},"content":{"rendered":"\n<p>Nos domaines&nbsp;de pratique sont cr\u00e9\u00e9s en fonction de l\u2019expertise de nos avocats afin d\u2019offrir un service avec valeur ajout\u00e9e.<\/p>\n\n\n\n<p>Nous disposons de la profondeur et des moyens n\u00e9cessaires pour satisfaire tous les besoins juridiques de notre client\u00e8le.<\/p>\n","protected":false},"excerpt":{"rendered":"<p>Nos domaines&nbsp;de pratique sont cr\u00e9\u00e9s en fonction de l\u2019expertise de nos avocats afin d\u2019offrir un service avec valeur ajout\u00e9e. Nous disposons de la profondeur et des moyens n\u00e9cessaires pour satisfaire tous les besoins juridiques de notre client\u00e8le.<\/p>\n","protected":false},"author":1,"featured_media":0,"parent":0,"menu_order":0,"comment_status":"closed","ping_status":"closed","template":"","meta":{"_acf_changed":false,"footnotes":""},"class_list":["post-423","page","type-page","status-publish","hentry"],"acf":[],"yoast_head":"<!-- This site is optimized with the Yoast SEO plugin v27.5 - https:\/\/yoast.com\/product\/yoast-seo-wordpress\/ -->\n<title>Expertise - Lapointe Rosenstein Marchand Melan\u00e7on<\/title>\n<meta name=\"robots\" content=\"index, follow, max-snippet:-1, max-image-preview:large, max-video-preview:-1\" \/>\n<link rel=\"canonical\" href=\"https:\/\/www.lrmm.com\/fr\/expertise\/\" \/>\n<meta property=\"og:locale\" content=\"fr_CA\" \/>\n<meta property=\"og:type\" content=\"article\" \/>\n<meta property=\"og:title\" content=\"Expertise - Lapointe Rosenstein Marchand Melan\u00e7on\" \/>\n<meta property=\"og:description\" content=\"Nos domaines&nbsp;de pratique sont cr\u00e9\u00e9s en fonction de l\u2019expertise de nos avocats afin d\u2019offrir un service avec valeur ajout\u00e9e. Nous disposons de la profondeur et des moyens n\u00e9cessaires pour satisfaire tous les besoins juridiques de notre client\u00e8le.\" \/>\n<meta property=\"og:url\" content=\"https:\/\/www.lrmm.com\/fr\/expertise\/\" \/>\n<meta property=\"og:site_name\" content=\"Lapointe Rosenstein Marchand Melan\u00e7on\" \/>\n<meta property=\"article:modified_time\" content=\"2022-03-08T02:44:34+00:00\" \/>\n<meta name=\"twitter:card\" content=\"summary_large_image\" \/>\n<meta name=\"twitter:label1\" content=\"Estimation du temps de lecture\" \/>\n\t<meta name=\"twitter:data1\" content=\"1 minute\" \/>\n<script type=\"application\/ld+json\" class=\"yoast-schema-graph\">{\"@context\":\"https:\\\/\\\/schema.org\",\"@graph\":[{\"@type\":\"WebPage\",\"@id\":\"https:\\\/\\\/www.lrmm.com\\\/fr\\\/expertise\\\/\",\"url\":\"https:\\\/\\\/www.lrmm.com\\\/fr\\\/expertise\\\/\",\"name\":\"Expertise - Lapointe Rosenstein Marchand Melan\u00e7on\",\"isPartOf\":{\"@id\":\"https:\\\/\\\/www.lrmm.com\\\/fr\\\/#website\"},\"datePublished\":\"2022-03-06T23:01:22+00:00\",\"dateModified\":\"2022-03-08T02:44:34+00:00\",\"breadcrumb\":{\"@id\":\"https:\\\/\\\/www.lrmm.com\\\/fr\\\/expertise\\\/#breadcrumb\"},\"inLanguage\":\"fr-CA\",\"potentialAction\":[{\"@type\":\"ReadAction\",\"target\":[\"https:\\\/\\\/www.lrmm.com\\\/fr\\\/expertise\\\/\"]}]},{\"@type\":\"BreadcrumbList\",\"@id\":\"https:\\\/\\\/www.lrmm.com\\\/fr\\\/expertise\\\/#breadcrumb\",\"itemListElement\":[{\"@type\":\"ListItem\",\"position\":1,\"name\":\"Accueil\",\"item\":\"https:\\\/\\\/www.lrmm.com\\\/fr\\\/\"},{\"@type\":\"ListItem\",\"position\":2,\"name\":\"Expertise\"}]},{\"@type\":\"WebSite\",\"@id\":\"https:\\\/\\\/www.lrmm.com\\\/fr\\\/#website\",\"url\":\"https:\\\/\\\/www.lrmm.com\\\/fr\\\/\",\"name\":\"Lapointe Rosenstein Marchand Melan\u00e7on\",\"description\":\"\",\"potentialAction\":[{\"@type\":\"SearchAction\",\"target\":{\"@type\":\"EntryPoint\",\"urlTemplate\":\"https:\\\/\\\/www.lrmm.com\\\/fr\\\/?s={search_term_string}\"},\"query-input\":{\"@type\":\"PropertyValueSpecification\",\"valueRequired\":true,\"valueName\":\"search_term_string\"}}],\"inLanguage\":\"fr-CA\"}]}<\/script>\n<!-- \/ Yoast SEO plugin. -->","yoast_head_json":{"title":"Expertise - Lapointe Rosenstein Marchand Melan\u00e7on","robots":{"index":"index","follow":"follow","max-snippet":"max-snippet:-1","max-image-preview":"max-image-preview:large","max-video-preview":"max-video-preview:-1"},"canonical":"https:\/\/www.lrmm.com\/fr\/expertise\/","og_locale":"fr_CA","og_type":"article","og_title":"Expertise - Lapointe Rosenstein Marchand Melan\u00e7on","og_description":"Nos domaines&nbsp;de pratique sont cr\u00e9\u00e9s en fonction de l\u2019expertise de nos avocats afin d\u2019offrir un service avec valeur ajout\u00e9e. Nous disposons de la profondeur et des moyens n\u00e9cessaires pour satisfaire tous les besoins juridiques de notre client\u00e8le.","og_url":"https:\/\/www.lrmm.com\/fr\/expertise\/","og_site_name":"Lapointe Rosenstein Marchand Melan\u00e7on","article_modified_time":"2022-03-08T02:44:34+00:00","twitter_card":"summary_large_image","twitter_misc":{"Estimation du temps de lecture":"1 minute"},"schema":{"@context":"https:\/\/schema.org","@graph":[{"@type":"WebPage","@id":"https:\/\/www.lrmm.com\/fr\/expertise\/","url":"https:\/\/www.lrmm.com\/fr\/expertise\/","name":"Expertise - Lapointe Rosenstein Marchand Melan\u00e7on","isPartOf":{"@id":"https:\/\/www.lrmm.com\/fr\/#website"},"datePublished":"2022-03-06T23:01:22+00:00","dateModified":"2022-03-08T02:44:34+00:00","breadcrumb":{"@id":"https:\/\/www.lrmm.com\/fr\/expertise\/#breadcrumb"},"inLanguage":"fr-CA","potentialAction":[{"@type":"ReadAction","target":["https:\/\/www.lrmm.com\/fr\/expertise\/"]}]},{"@type":"BreadcrumbList","@id":"https:\/\/www.lrmm.com\/fr\/expertise\/#breadcrumb","itemListElement":[{"@type":"ListItem","position":1,"name":"Accueil","item":"https:\/\/www.lrmm.com\/fr\/"},{"@type":"ListItem","position":2,"name":"Expertise"}]},{"@type":"WebSite","@id":"https:\/\/www.lrmm.com\/fr\/#website","url":"https:\/\/www.lrmm.com\/fr\/","name":"Lapointe Rosenstein Marchand Melan\u00e7on","description":"","potentialAction":[{"@type":"SearchAction","target":{"@type":"EntryPoint","urlTemplate":"https:\/\/www.lrmm.com\/fr\/?s={search_term_string}"},"query-input":{"@type":"PropertyValueSpecification","valueRequired":true,"valueName":"search_term_string"}}],"inLanguage":"fr-CA"}]}},"_links":{"self":[{"href":"https:\/\/www.lrmm.com\/fr\/wp-json\/wp\/v2\/pages\/423","targetHints":{"allow":["GET"]}}],"collection":[{"href":"https:\/\/www.lrmm.com\/fr\/wp-json\/wp\/v2\/pages"}],"about":[{"href":"https:\/\/www.lrmm.com\/fr\/wp-json\/wp\/v2\/types\/page"}],"author":[{"embeddable":true,"href":"https:\/\/www.lrmm.com\/fr\/wp-json\/wp\/v2\/users\/1"}],"replies":[{"embeddable":true,"href":"https:\/\/www.lrmm.com\/fr\/wp-json\/wp\/v2\/comments?post=423"}],"version-history":[{"count":0,"href":"https:\/\/www.lrmm.com\/fr\/wp-json\/wp\/v2\/pages\/423\/revisions"}],"wp:attachment":[{"href":"https:\/\/www.lrmm.com\/fr\/wp-json\/wp\/v2\/media?parent=423"}],"curies":[{"name":"wp","href":"https:\/\/api.w.org\/{rel}","templated":true}]}}