{"id":418,"date":"2022-03-06T17:54:27","date_gmt":"2022-03-06T22:54:27","guid":{"rendered":"https:\/\/www.lrmm.com\/?page_id=418"},"modified":"2022-04-12T13:31:20","modified_gmt":"2022-04-12T17:31:20","slug":"cabinet","status":"publish","type":"page","link":"https:\/\/www.lrmm.com\/fr\/cabinet\/","title":{"rendered":"Cabinet"},"content":{"rendered":"\n<p>Lapointe Rosenstein Marchand Melan\u00e7on, l\u2019un des plus importants cabinets juridiques qu\u00e9b\u00e9cois ayant au-del\u00e0 de 50 ans d\u2019histoire.<\/p>\n\n\n\n<p>Notre engagement en mati\u00e8re de service et d\u2019excellence professionnelle fait de notre cabinet un choix incontournable dans le milieu des affaires.<\/p>\n\n\n\n<p>De plus, notre approche de travail proactive, fond\u00e9e sur une \u00e9troite collaboration avec nos clients, assure la cr\u00e9ation de liens durables ciment\u00e9s par le succ\u00e8s.<\/p>\n","protected":false},"excerpt":{"rendered":"<p>Lapointe Rosenstein Marchand Melan\u00e7on, l\u2019un des plus importants cabinets juridiques qu\u00e9b\u00e9cois ayant au-del\u00e0 de 50 ans d\u2019histoire. Notre engagement en mati\u00e8re de service et d\u2019excellence professionnelle fait de notre cabinet un choix incontournable dans le milieu des affaires. De plus, notre approche de travail proactive, fond\u00e9e sur une \u00e9troite collaboration avec nos clients, assure la [&hellip;]<\/p>\n","protected":false},"author":1,"featured_media":0,"parent":0,"menu_order":0,"comment_status":"closed","ping_status":"closed","template":"","meta":{"_acf_changed":false,"footnotes":""},"class_list":["post-418","page","type-page","status-publish","hentry"],"acf":[],"yoast_head":"<!-- This site is optimized with the Yoast SEO plugin v26.9 - https:\/\/yoast.com\/product\/yoast-seo-wordpress\/ -->\n<title>Cabinet - Lapointe Rosenstein Marchand Melan\u00e7on<\/title>\n<meta name=\"robots\" content=\"index, follow, max-snippet:-1, max-image-preview:large, max-video-preview:-1\" \/>\n<link rel=\"canonical\" href=\"https:\/\/www.lrmm.com\/fr\/cabinet\/\" \/>\n<meta property=\"og:locale\" content=\"fr_CA\" \/>\n<meta property=\"og:type\" content=\"article\" \/>\n<meta property=\"og:title\" content=\"Cabinet - Lapointe Rosenstein Marchand Melan\u00e7on\" \/>\n<meta property=\"og:description\" content=\"Lapointe Rosenstein Marchand Melan\u00e7on, l\u2019un des plus importants cabinets juridiques qu\u00e9b\u00e9cois ayant au-del\u00e0 de 50 ans d\u2019histoire. Notre engagement en mati\u00e8re de service et d\u2019excellence professionnelle fait de notre cabinet un choix incontournable dans le milieu des affaires. De plus, notre approche de travail proactive, fond\u00e9e sur une \u00e9troite collaboration avec nos clients, assure la [&hellip;]\" \/>\n<meta property=\"og:url\" content=\"https:\/\/www.lrmm.com\/fr\/cabinet\/\" \/>\n<meta property=\"og:site_name\" content=\"Lapointe Rosenstein Marchand Melan\u00e7on\" \/>\n<meta property=\"article:modified_time\" content=\"2022-04-12T17:31:20+00:00\" \/>\n<meta name=\"twitter:card\" content=\"summary_large_image\" \/>\n<meta name=\"twitter:label1\" content=\"Estimation du temps de lecture\" \/>\n\t<meta name=\"twitter:data1\" content=\"1 minute\" \/>\n<script type=\"application\/ld+json\" class=\"yoast-schema-graph\">{\"@context\":\"https:\/\/schema.org\",\"@graph\":[{\"@type\":\"WebPage\",\"@id\":\"https:\/\/www.lrmm.com\/fr\/cabinet\/\",\"url\":\"https:\/\/www.lrmm.com\/fr\/cabinet\/\",\"name\":\"Cabinet - Lapointe Rosenstein Marchand Melan\u00e7on\",\"isPartOf\":{\"@id\":\"https:\/\/www.lrmm.com\/fr\/#website\"},\"datePublished\":\"2022-03-06T22:54:27+00:00\",\"dateModified\":\"2022-04-12T17:31:20+00:00\",\"breadcrumb\":{\"@id\":\"https:\/\/www.lrmm.com\/fr\/cabinet\/#breadcrumb\"},\"inLanguage\":\"fr-CA\",\"potentialAction\":[{\"@type\":\"ReadAction\",\"target\":[\"https:\/\/www.lrmm.com\/fr\/cabinet\/\"]}]},{\"@type\":\"BreadcrumbList\",\"@id\":\"https:\/\/www.lrmm.com\/fr\/cabinet\/#breadcrumb\",\"itemListElement\":[{\"@type\":\"ListItem\",\"position\":1,\"name\":\"Accueil\",\"item\":\"https:\/\/www.lrmm.com\/fr\/\"},{\"@type\":\"ListItem\",\"position\":2,\"name\":\"Cabinet\"}]},{\"@type\":\"WebSite\",\"@id\":\"https:\/\/www.lrmm.com\/fr\/#website\",\"url\":\"https:\/\/www.lrmm.com\/fr\/\",\"name\":\"Lapointe Rosenstein Marchand Melan\u00e7on\",\"description\":\"\",\"potentialAction\":[{\"@type\":\"SearchAction\",\"target\":{\"@type\":\"EntryPoint\",\"urlTemplate\":\"https:\/\/www.lrmm.com\/fr\/?s={search_term_string}\"},\"query-input\":{\"@type\":\"PropertyValueSpecification\",\"valueRequired\":true,\"valueName\":\"search_term_string\"}}],\"inLanguage\":\"fr-CA\"}]}<\/script>\n<!-- \/ Yoast SEO plugin. -->","yoast_head_json":{"title":"Cabinet - Lapointe Rosenstein Marchand Melan\u00e7on","robots":{"index":"index","follow":"follow","max-snippet":"max-snippet:-1","max-image-preview":"max-image-preview:large","max-video-preview":"max-video-preview:-1"},"canonical":"https:\/\/www.lrmm.com\/fr\/cabinet\/","og_locale":"fr_CA","og_type":"article","og_title":"Cabinet - Lapointe Rosenstein Marchand Melan\u00e7on","og_description":"Lapointe Rosenstein Marchand Melan\u00e7on, l\u2019un des plus importants cabinets juridiques qu\u00e9b\u00e9cois ayant au-del\u00e0 de 50 ans d\u2019histoire. Notre engagement en mati\u00e8re de service et d\u2019excellence professionnelle fait de notre cabinet un choix incontournable dans le milieu des affaires. De plus, notre approche de travail proactive, fond\u00e9e sur une \u00e9troite collaboration avec nos clients, assure la [&hellip;]","og_url":"https:\/\/www.lrmm.com\/fr\/cabinet\/","og_site_name":"Lapointe Rosenstein Marchand Melan\u00e7on","article_modified_time":"2022-04-12T17:31:20+00:00","twitter_card":"summary_large_image","twitter_misc":{"Estimation du temps de lecture":"1 minute"},"schema":{"@context":"https:\/\/schema.org","@graph":[{"@type":"WebPage","@id":"https:\/\/www.lrmm.com\/fr\/cabinet\/","url":"https:\/\/www.lrmm.com\/fr\/cabinet\/","name":"Cabinet - Lapointe Rosenstein Marchand Melan\u00e7on","isPartOf":{"@id":"https:\/\/www.lrmm.com\/fr\/#website"},"datePublished":"2022-03-06T22:54:27+00:00","dateModified":"2022-04-12T17:31:20+00:00","breadcrumb":{"@id":"https:\/\/www.lrmm.com\/fr\/cabinet\/#breadcrumb"},"inLanguage":"fr-CA","potentialAction":[{"@type":"ReadAction","target":["https:\/\/www.lrmm.com\/fr\/cabinet\/"]}]},{"@type":"BreadcrumbList","@id":"https:\/\/www.lrmm.com\/fr\/cabinet\/#breadcrumb","itemListElement":[{"@type":"ListItem","position":1,"name":"Accueil","item":"https:\/\/www.lrmm.com\/fr\/"},{"@type":"ListItem","position":2,"name":"Cabinet"}]},{"@type":"WebSite","@id":"https:\/\/www.lrmm.com\/fr\/#website","url":"https:\/\/www.lrmm.com\/fr\/","name":"Lapointe Rosenstein Marchand Melan\u00e7on","description":"","potentialAction":[{"@type":"SearchAction","target":{"@type":"EntryPoint","urlTemplate":"https:\/\/www.lrmm.com\/fr\/?s={search_term_string}"},"query-input":{"@type":"PropertyValueSpecification","valueRequired":true,"valueName":"search_term_string"}}],"inLanguage":"fr-CA"}]}},"_links":{"self":[{"href":"https:\/\/www.lrmm.com\/fr\/wp-json\/wp\/v2\/pages\/418","targetHints":{"allow":["GET"]}}],"collection":[{"href":"https:\/\/www.lrmm.com\/fr\/wp-json\/wp\/v2\/pages"}],"about":[{"href":"https:\/\/www.lrmm.com\/fr\/wp-json\/wp\/v2\/types\/page"}],"author":[{"embeddable":true,"href":"https:\/\/www.lrmm.com\/fr\/wp-json\/wp\/v2\/users\/1"}],"replies":[{"embeddable":true,"href":"https:\/\/www.lrmm.com\/fr\/wp-json\/wp\/v2\/comments?post=418"}],"version-history":[{"count":0,"href":"https:\/\/www.lrmm.com\/fr\/wp-json\/wp\/v2\/pages\/418\/revisions"}],"wp:attachment":[{"href":"https:\/\/www.lrmm.com\/fr\/wp-json\/wp\/v2\/media?parent=418"}],"curies":[{"name":"wp","href":"https:\/\/api.w.org\/{rel}","templated":true}]}}