{"id":2101,"date":"2022-03-14T21:19:10","date_gmt":"2022-03-15T01:19:10","guid":{"rendered":"https:\/\/www.lrmm.com\/firm-profile\/lrmm-au-feminin\/"},"modified":"2022-03-14T21:19:10","modified_gmt":"2022-03-15T01:19:10","slug":"lrmm-au-feminin","status":"publish","type":"page","link":"https:\/\/www.lrmm.com\/en\/firm-profile\/lrmm-au-feminin\/","title":{"rendered":"LRMM au f\u00e9minin"},"content":{"rendered":"\n<figure class=\"wp-block-image\"><img decoding=\"async\" src=\"\/CMS\/MediaFree\/image\/LRMM%20au%20f%C3%A9minin%20petit%20format.jpg\" alt=\"\"\/><\/figure>\n\n<p>Several professional women practice and work at Lapointe Rosenstein Marchand Melan\u00e7on, among them, partners, attorneys, notaries, paralegals and executives. Although their positions may differ, these women all have similar goals and often share the same concerns. This not only apply to the women within our firm but to all business women. Regardless of the area in which they are evolving, women are looking for networking, learning and business development opportunities.<\/p>\n\n<p>The\u00a0<strong>LRMM au f\u00e9minin<\/strong>\u00a0group was formed in 2013 to meet these needs.<\/p>\n\n<p><strong>In a nutshell, LRMM au f\u00e9minin<\/strong>\u00a0is:<\/p>\n\n<ul class=\"wp-block-list\"><li>A network of businesswomen promoting the exchange of experiences and know-how;<\/li><li>A vehicle enabling women to develop and achieve their personal and professional potential;<\/li><li>An opportunity to make connections and to allow professionals with common interests to be in touch with one another;<\/li><li><strong>LRMM au f\u00e9minin<\/strong>\u00a0is also the strength behind a network comprised of businesswomen, professionals and clients of the firm.<\/li><\/ul>\n","protected":false},"excerpt":{"rendered":"<p>Several professional women practice and work at Lapointe Rosenstein Marchand Melan\u00e7on, among them, partners, attorneys, notaries, paralegals and executives. Although their positions may differ, these women all have similar goals and often share the same concerns. This not only apply to the women within our firm but to all business women. Regardless of the area [&hellip;]<\/p>\n","protected":false},"author":1,"featured_media":0,"parent":2097,"menu_order":0,"comment_status":"closed","ping_status":"closed","template":"","meta":{"_acf_changed":false,"footnotes":""},"class_list":["post-2101","page","type-page","status-publish","hentry"],"acf":[],"yoast_head":"<!-- This site is optimized with the Yoast SEO plugin v26.9 - https:\/\/yoast.com\/product\/yoast-seo-wordpress\/ -->\n<title>LRMM au f\u00e9minin - Lapointe Rosenstein Marchand Melan\u00e7on<\/title>\n<meta name=\"robots\" content=\"index, follow, max-snippet:-1, max-image-preview:large, max-video-preview:-1\" \/>\n<link rel=\"canonical\" href=\"https:\/\/www.lrmm.com\/en\/firm-profile\/lrmm-au-feminin\/\" \/>\n<meta property=\"og:locale\" content=\"en_US\" \/>\n<meta property=\"og:type\" content=\"article\" \/>\n<meta property=\"og:title\" content=\"LRMM au f\u00e9minin - Lapointe Rosenstein Marchand Melan\u00e7on\" \/>\n<meta property=\"og:description\" content=\"Several professional women practice and work at Lapointe Rosenstein Marchand Melan\u00e7on, among them, partners, attorneys, notaries, paralegals and executives. Although their positions may differ, these women all have similar goals and often share the same concerns. This not only apply to the women within our firm but to all business women. Regardless of the area [&hellip;]\" \/>\n<meta property=\"og:url\" content=\"https:\/\/www.lrmm.com\/en\/firm-profile\/lrmm-au-feminin\/\" \/>\n<meta property=\"og:site_name\" content=\"Lapointe Rosenstein Marchand Melan\u00e7on\" \/>\n<meta name=\"twitter:card\" content=\"summary_large_image\" \/>\n<meta name=\"twitter:label1\" content=\"Est. reading time\" \/>\n\t<meta name=\"twitter:data1\" content=\"1 minute\" \/>\n<script type=\"application\/ld+json\" class=\"yoast-schema-graph\">{\"@context\":\"https:\/\/schema.org\",\"@graph\":[{\"@type\":\"WebPage\",\"@id\":\"https:\/\/www.lrmm.com\/en\/firm-profile\/lrmm-au-feminin\/\",\"url\":\"https:\/\/www.lrmm.com\/en\/firm-profile\/lrmm-au-feminin\/\",\"name\":\"LRMM au f\u00e9minin - Lapointe Rosenstein Marchand Melan\u00e7on\",\"isPartOf\":{\"@id\":\"https:\/\/www.lrmm.com\/en\/#website\"},\"datePublished\":\"2022-03-15T01:19:10+00:00\",\"breadcrumb\":{\"@id\":\"https:\/\/www.lrmm.com\/en\/firm-profile\/lrmm-au-feminin\/#breadcrumb\"},\"inLanguage\":\"en-CA\",\"potentialAction\":[{\"@type\":\"ReadAction\",\"target\":[\"https:\/\/www.lrmm.com\/en\/firm-profile\/lrmm-au-feminin\/\"]}]},{\"@type\":\"BreadcrumbList\",\"@id\":\"https:\/\/www.lrmm.com\/en\/firm-profile\/lrmm-au-feminin\/#breadcrumb\",\"itemListElement\":[{\"@type\":\"ListItem\",\"position\":1,\"name\":\"Welcome\",\"item\":\"https:\/\/www.lrmm.com\/en\/\"},{\"@type\":\"ListItem\",\"position\":2,\"name\":\"Firm Profile\",\"item\":\"https:\/\/www.lrmm.com\/en\/firm-profile\/\"},{\"@type\":\"ListItem\",\"position\":3,\"name\":\"LRMM au f\u00e9minin\"}]},{\"@type\":\"WebSite\",\"@id\":\"https:\/\/www.lrmm.com\/en\/#website\",\"url\":\"https:\/\/www.lrmm.com\/en\/\",\"name\":\"Lapointe Rosenstein Marchand Melan\u00e7on\",\"description\":\"\",\"potentialAction\":[{\"@type\":\"SearchAction\",\"target\":{\"@type\":\"EntryPoint\",\"urlTemplate\":\"https:\/\/www.lrmm.com\/en\/?s={search_term_string}\"},\"query-input\":{\"@type\":\"PropertyValueSpecification\",\"valueRequired\":true,\"valueName\":\"search_term_string\"}}],\"inLanguage\":\"en-CA\"}]}<\/script>\n<!-- \/ Yoast SEO plugin. -->","yoast_head_json":{"title":"LRMM au f\u00e9minin - Lapointe Rosenstein Marchand Melan\u00e7on","robots":{"index":"index","follow":"follow","max-snippet":"max-snippet:-1","max-image-preview":"max-image-preview:large","max-video-preview":"max-video-preview:-1"},"canonical":"https:\/\/www.lrmm.com\/en\/firm-profile\/lrmm-au-feminin\/","og_locale":"en_US","og_type":"article","og_title":"LRMM au f\u00e9minin - Lapointe Rosenstein Marchand Melan\u00e7on","og_description":"Several professional women practice and work at Lapointe Rosenstein Marchand Melan\u00e7on, among them, partners, attorneys, notaries, paralegals and executives. Although their positions may differ, these women all have similar goals and often share the same concerns. This not only apply to the women within our firm but to all business women. Regardless of the area [&hellip;]","og_url":"https:\/\/www.lrmm.com\/en\/firm-profile\/lrmm-au-feminin\/","og_site_name":"Lapointe Rosenstein Marchand Melan\u00e7on","twitter_card":"summary_large_image","twitter_misc":{"Est. reading time":"1 minute"},"schema":{"@context":"https:\/\/schema.org","@graph":[{"@type":"WebPage","@id":"https:\/\/www.lrmm.com\/en\/firm-profile\/lrmm-au-feminin\/","url":"https:\/\/www.lrmm.com\/en\/firm-profile\/lrmm-au-feminin\/","name":"LRMM au f\u00e9minin - Lapointe Rosenstein Marchand Melan\u00e7on","isPartOf":{"@id":"https:\/\/www.lrmm.com\/en\/#website"},"datePublished":"2022-03-15T01:19:10+00:00","breadcrumb":{"@id":"https:\/\/www.lrmm.com\/en\/firm-profile\/lrmm-au-feminin\/#breadcrumb"},"inLanguage":"en-CA","potentialAction":[{"@type":"ReadAction","target":["https:\/\/www.lrmm.com\/en\/firm-profile\/lrmm-au-feminin\/"]}]},{"@type":"BreadcrumbList","@id":"https:\/\/www.lrmm.com\/en\/firm-profile\/lrmm-au-feminin\/#breadcrumb","itemListElement":[{"@type":"ListItem","position":1,"name":"Welcome","item":"https:\/\/www.lrmm.com\/en\/"},{"@type":"ListItem","position":2,"name":"Firm Profile","item":"https:\/\/www.lrmm.com\/en\/firm-profile\/"},{"@type":"ListItem","position":3,"name":"LRMM au f\u00e9minin"}]},{"@type":"WebSite","@id":"https:\/\/www.lrmm.com\/en\/#website","url":"https:\/\/www.lrmm.com\/en\/","name":"Lapointe Rosenstein Marchand Melan\u00e7on","description":"","potentialAction":[{"@type":"SearchAction","target":{"@type":"EntryPoint","urlTemplate":"https:\/\/www.lrmm.com\/en\/?s={search_term_string}"},"query-input":{"@type":"PropertyValueSpecification","valueRequired":true,"valueName":"search_term_string"}}],"inLanguage":"en-CA"}]}},"_links":{"self":[{"href":"https:\/\/www.lrmm.com\/en\/wp-json\/wp\/v2\/pages\/2101","targetHints":{"allow":["GET"]}}],"collection":[{"href":"https:\/\/www.lrmm.com\/en\/wp-json\/wp\/v2\/pages"}],"about":[{"href":"https:\/\/www.lrmm.com\/en\/wp-json\/wp\/v2\/types\/page"}],"author":[{"embeddable":true,"href":"https:\/\/www.lrmm.com\/en\/wp-json\/wp\/v2\/users\/1"}],"replies":[{"embeddable":true,"href":"https:\/\/www.lrmm.com\/en\/wp-json\/wp\/v2\/comments?post=2101"}],"version-history":[{"count":0,"href":"https:\/\/www.lrmm.com\/en\/wp-json\/wp\/v2\/pages\/2101\/revisions"}],"up":[{"embeddable":true,"href":"https:\/\/www.lrmm.com\/en\/wp-json\/wp\/v2\/pages\/2097"}],"wp:attachment":[{"href":"https:\/\/www.lrmm.com\/en\/wp-json\/wp\/v2\/media?parent=2101"}],"curies":[{"name":"wp","href":"https:\/\/api.w.org\/{rel}","templated":true}]}}